{"id":7610,"date":"2019-11-06T13:41:18","date_gmt":"2019-11-06T12:41:18","guid":{"rendered":"https:\/\/stk2019.acceseo.com.es\/politica-de-privacitat\/"},"modified":"2019-11-08T09:08:12","modified_gmt":"2019-11-08T08:08:12","slug":"politica-de-privacitat","status":"publish","type":"page","link":"https:\/\/www.atenciondellamadas.net\/ca\/politica-de-privacitat\/","title":{"rendered":"Pol\u00edtica de privacitat"},"content":{"rendered":"\t\t<div data-elementor-type=\"wp-page\" data-elementor-id=\"7610\" class=\"elementor elementor-7610 elementor-3\" data-elementor-post-type=\"page\">\n\t\t\t\t\t\t<section class=\"elementor-section elementor-top-section elementor-element elementor-element-789d211 elementor-section-boxed elementor-section-height-default elementor-section-height-default\" data-id=\"789d211\" data-element_type=\"section\">\n\t\t\t\t\t\t<div class=\"elementor-container elementor-column-gap-default\">\n\t\t\t\t\t<div class=\"elementor-column elementor-col-100 elementor-top-column elementor-element elementor-element-e0f7b51\" data-id=\"e0f7b51\" data-element_type=\"column\">\n\t\t\t<div class=\"elementor-widget-wrap elementor-element-populated\">\n\t\t\t\t\t\t<div class=\"elementor-element elementor-element-773eedd elementor-widget elementor-widget-heading\" data-id=\"773eedd\" data-element_type=\"widget\" data-widget_type=\"heading.default\">\n\t\t\t\t<div class=\"elementor-widget-container\">\n\t\t\t\t\t<h2 class=\"elementor-heading-title elementor-size-default\">Pol\u00edtica de Privacitat<\/h2>\t\t\t\t<\/div>\n\t\t\t\t<\/div>\n\t\t\t\t<div class=\"elementor-element elementor-element-7478e9c elementor-widget elementor-widget-text-editor\" data-id=\"7478e9c\" data-element_type=\"widget\" data-widget_type=\"text-editor.default\">\n\t\t\t\t<div class=\"elementor-widget-container\">\n\t\t\t\t\t\t\t\t\t<h2>1. Identitat de STK SERVEIS VIRTUALS.<\/h2>\n<p>El present portal web pertany a SANDRA CASTANYER CABOT, amb nom comercial <strong>STK SERVEIS VIRTUALS<\/strong> (d&#8217;ara endavant ?<strong>STK SERVEIS VIRTUALS<\/strong>? ) , amb NIF n\u00famero 21663715S, amb domicili social a l&#8217;efecte de donar compliment a l&#8217;art. 10 de la Llei dels Serveis de la Societat de la Informaci\u00f3 i Comer\u00e7 Electr\u00f2nic, en Av. Joan Fuster 10 local 1, CP 03100, de Xixona (Alacant).<\/p>\n<h2>2. Pol\u00edtica de Privadesa i Seguretat.<\/h2>\n<p>Des de <strong>STK SERVEIS VIRTUALS<\/strong> vetllem i protegim les dades personals i informaci\u00f3 dels nostres clients i usuaris, b\u00e9 quan visiten nostre assetjo web o b\u00e9 utilitzin la resta dels nostres serveis, segons el que es disposa en la directiva 95\/46\/CE del parlament europeu i del consell relativa a la protecci\u00f3 de les persones f\u00edsiques pel que fa al tractament de dades personals i a la lliure circulaci\u00f3 d&#8217;aquestes dades, aix\u00ed com la resta de l&#8217;ordenament jur\u00eddic espanyol i comunitari.<\/p>\n<p>Prova d&#8217;aix\u00f2, es plasma en la present <strong>Pol\u00edtica de Privadesa<\/strong> on es reflecteix el nostre comprom\u00eds per mantenir i garantir relacions comercials segures mitjan\u00e7ant la protecci\u00f3 de les dades personals, garantint el dret a la privadesa de cadascun dels nostres usuaris i clients.<\/p>\n<h2>3. Definici\u00f3 de Dada Personal<\/h2>\n<p>Com a &#8220;Dada Personal&#8221; hem d&#8217;entendre qualsevol informaci\u00f3 concernent a una persona f\u00edsica identificada o identificable. Entre uns altres, s&#8217;inclouen el nom, cognoms, l&#8217;adre\u00e7a postal i electr\u00f2nica, aix\u00ed com el n\u00famero de tel\u00e8fon..<\/p>\n<h2>4. Tractaments i Finalitats de les Dades Recollides<\/h2>\n<p>Qualsevol dada personal que ens faciliti en visitar nostre assetjo web o durant la prestaci\u00f3 dels nostres \u00a0serveis, ser\u00e0 tractat de conformitat amb les normes de protecci\u00f3 de dades i nom\u00e9s seran recollits, tractats i utilitzats per a finalitats l\u00edcites, leg\u00edtims i informats. A continuaci\u00f3 detallem totes les finalitats per les quals recollim informaci\u00f3:<\/p>\n<ul>\n<li><strong>STK SERVEIS VIRTUALS<\/strong> recull les dades dels usuaris a trav\u00e9s dels diferents formularis de contacte i registre per poder contactar-los i respondre&#8217;ls sobre les q\u00fcestions plantejades o rebre informaci\u00f3 comercial sobre els productes i novetats de <strong>STK SERVEIS VIRTUALS<\/strong> .<\/li>\n<\/ul>\n<p>En qualsevol cas, l&#8217;usuari t\u00e9 l&#8217;obligaci\u00f3 de facilitar les dades de manera vera\u00e7 i mantenir-los actualitzats, per la qual cosa <strong>STK SERVEIS VIRTUALS<\/strong> es reserva el dret d&#8217;excloure dels serveis i procedir a la cancel\u00b7laci\u00f3 del servei a tot usuari que hagi facilitat dades falses, sense perjudici de les altres accions que procedeixin en Dret.<\/p>\n<p>D&#8217;altra banda, en qualsevol formulari s&#8217;indicar\u00e0 el car\u00e0cter no obligatori de la recollida de determinats dades de car\u00e0cter personal, excepte en els camps que s&#8217;indiqui el contrari. No obstant aix\u00f2, el no emplenament d&#8217;aquestes dades podr\u00e0 impedir a <strong>STK SERVEIS VIRTUALS<\/strong> prestar tots aquells serveis vinculats a tals dades, alliberant-nos de tota responsabilitat per la no prestaci\u00f3 o prestaci\u00f3 incompleta d&#8217;aquests serveis. \u00c9s important destacar que cap dada personal ser\u00e0 comunicat a empreses externes sense comptar amb el consentiment del seu titular per a l&#8217;enviament de comunicacions comercials d&#8217;altres productes i serveis.<\/p>\n<p>Finalment, l&#8217;usuari no inclour\u00e0, en aquells espais habilitats com a &#8220;camps de text lliure&#8221;, cap dada de car\u00e0cter personal que pugui ser qualificat dins d&#8217;aquelles dades pels quals s&#8217;exigeix un nivell de protecci\u00f3 de tipus mitj\u00e0 o alt (a t\u00edtol enunciatiu i no limitatiu s\u00f3n aquelles dades relatives a ideologia, religi\u00f3, creences, afiliaci\u00f3 sindical, salut, origen racial i\/o vida sexual), sense previ av\u00eds a <strong>STK SERVEIS VIRTUALS <\/strong>segons defineix la normativa vigent. Tampoc podran utilitzar-se per vulnerar els drets a l&#8217;honor i intimitat de tercers. Qualsevol informaci\u00f3 d&#8217;aquest tipus que sigui facilitada es procedir\u00e0 a la seva eliminaci\u00f3.<\/p>\n<h2>5. Seguretat de les seves Dades Personals<\/h2>\n<p><strong>STK SERVEIS VIRTUALS<\/strong> t\u00e9 una preocupaci\u00f3 especial per garantir la seguretat de les seves dades personals. Les seves dades s\u00f3n emmagatzemades en els nostres sistemes d&#8217;informaci\u00f3, on hem adoptat i implantat mesures de seguretat, t\u00e8cniques i organitzatives, per prevenir qualsevol p\u00e8rdua o \u00fas no autoritzat per tercers. En particular, els nostres empleats estan obligats a complir amb el deure secret professional, i han estat degudament informats i formats a aquest efecte.<\/p>\n<h2>6. Informaci\u00f3 Sobre la Utilitzaci\u00f3 de Cookies<\/h2>\n<p>Pel nero fet de visitar el present portal web o utilitzar els serveis de <strong>STK SERVEIS VIRTUALS<\/strong> no queda registrat de forma autom\u00e0tica cap dada de car\u00e0cter personal que identifiqui a un Usuari. No obstant aix\u00f2, li informem que durant la navegaci\u00f3 pel Lloc Web s&#8217;utilitzen &#8220;cookies&#8221;, petits fitxers de dades que es generen en l&#8217;ordinador de l&#8217;internauta i que ens permeten obtenir la seg\u00fcent informaci\u00f3 anal\u00edtica:<\/p>\n<ol>\n<li>La data i hora d&#8217;acc\u00e9s a la Web, permetent saber les hores de m\u00e9s aflu\u00e8ncia, i fer els ajustos precisos per evitar problemes de saturaci\u00f3 en les nostres hores punta.<\/li>\n<li>El nombre de visitants diaris de cada secci\u00f3, permetent con\u00e8ixer les \u00e0rees de m\u00e9s \u00e8xit i augmentar i millorar el seu contingut, amb la finalitat de que els usuaris obtinguin un resultat m\u00e9s satisfactori i millorar el disseny dels continguts.<\/li>\n<li>La data i hora de l&#8217;\u00faltima vegada que l&#8217;usuari va visitar el Lloc Web per realitzar estudis anal\u00edtics i estad\u00edstics sobre l&#8217;\u00fas que t\u00e9 la web.<\/li>\n<li>Elements de seguretat que intervenen en el control d&#8217;acc\u00e9s a les \u00e0rees restringides.<\/li>\n<\/ol>\n<p>\u00c9s important recalcar, que tot usuari ha de llegir i comprendre la <strong><a href=\"https:\/\/www.atenciondellamadas.net\/politica-de-cookies\/\">pol\u00edtica de cookies<\/a><\/strong> publicada al portal web per con\u00e8ixer de forma detallada totes les cookies utilitzades i les seves finalitats.<\/p>\n<h2>7. Drets dels Usuaris.<\/h2>\n<p>Tots els usuaris\u00a0 poden exercitar els drets d&#8217;acc\u00e9s, oposici\u00f3, rectificaci\u00f3 i cancel\u00b7laci\u00f3 mitjan\u00e7ant escrit dirigit a SANDRA CASTANYER CABOT\u00a0 ?<strong>STK SERVEIS VIRTUALS<\/strong>? amb NIF 21663715S, domicili social en l&#8217;Av. Joan Fuster 10 local 1, CP 03100, de Xixona (Alacant) o enviant un correu electr\u00f2nic a <strong>info@atenciondellamadas.net<\/strong><\/p>\n<h2>8. No Desitja Rebre Informaci\u00f3 de Nosaltres o Desitja Revocar el seu Consentiment?<\/h2>\n<p>Qualsevol usuari pot oposar-se a l&#8217;\u00fas de la seva informaci\u00f3 per a finalitats publicit\u00e0ries, investigacions de mercat o desenvolupament d&#8217;enquestes de satisfacci\u00f3, aix\u00ed com revocar el seu consentiment a qualsevol moment (sense efecte retroactiu). Per a aix\u00f2, haur\u00e0 d&#8217;enviar un correu electr\u00f2nic a l&#8217;adre\u00e7a <strong>info@atenciondellamadas.net <\/strong>Quan rebi publicitat per correu electr\u00f2nic, tamb\u00e9 podr\u00e0 oposar des d&#8217;aquest correu electr\u00f2nic, punxant a l&#8217;enlla\u00e7 incl\u00f2s en el mateix i seguint les instruccions que li siguin facilitades.<\/p>\n<h2>9. Canvis a la Pol\u00edtica de Privadesa.<\/h2>\n<p>Nostra Pol\u00edtica de Privadesa podr\u00e0 sofrir actualitzacions, degudes a canvis i necessitats legals, aix\u00ed com degudes a millores i canvis inclosos en la forma d&#8217;oferir i prestar els nostres serveis. Per aix\u00f2, li recomanem que visiti i accedeixi a la nostra Pol\u00edtica de Privadesa peri\u00f2dicament, per poder tenir acc\u00e9s i con\u00e8ixer els \u00faltims canvis que hagin pogut ser incorporats. En cas que aquests canvis guardin relaci\u00f3 amb el consentiment prestat per l&#8217;usuari, en tal cas li ser\u00e0 enviada una notificaci\u00f3 independent i per separat per recavarlo novament.<\/p>\n<p>Si durant la lectura li ha sorgit algun dubte o q\u00fcesti\u00f3 sobre la nostra Pol\u00edtica de Privadesa o vol exercitar algun dret o acci\u00f3 relativa a les seves dades personals, per favor posi&#8217;s en contacte amb nosaltres en la seg\u00fcent adre\u00e7a de correu electr\u00f2nic <strong>info@atenciondellamadas.net<\/strong><\/p>\n\t\t\t\t\t\t\t\t<\/div>\n\t\t\t\t<\/div>\n\t\t\t\t\t<\/div>\n\t\t<\/div>\n\t\t\t\t\t<\/div>\n\t\t<\/section>\n\t\t\t\t<\/div>\n\t\t<div style='text-align:center' class='yasr-auto-insert-visitor'><!--Yasr Visitor Votes Shortcode--><div id='yasr_visitor_votes_d21d8f24ed691' class='yasr-visitor-votes'><div class=\"yasr-custom-text-vv-before yasr-custom-text-vv-before-7610\">\u00a1Haz clic para puntuar esta entrada!<\/div><div id='yasr-vv-second-row-container-d21d8f24ed691'\r\n                                        class='yasr-vv-second-row-container'><div id='yasr-visitor-votes-rater-d21d8f24ed691'\r\n                                      class='yasr-rater-stars-vv'\r\n                                      data-rater-postid='7610'\r\n                                      data-rating='0'\r\n                                      data-rater-starsize='24'\r\n                                      data-rater-readonly='false'\r\n                                      data-rater-nonce='aec5849b2e'\r\n                                      data-issingular='false'\r\n                                    ><\/div><div class=\"yasr-vv-stats-text-container\" id=\"yasr-vv-stats-text-container-d21d8f24ed691\"><svg xmlns=\"https:\/\/www.w3.org\/2000\/svg\" width=\"20\" height=\"20\"\r\n                                   class=\"yasr-dashicons-visitor-stats\"\r\n                                   data-postid=\"7610\"\r\n                                   id=\"yasr-stats-dashicon-d21d8f24ed691\">\r\n                                   <path d=\"M18 18v-16h-4v16h4zM12 18v-11h-4v11h4zM6 18v-8h-4v8h4z\"><\/path>\r\n                               <\/svg><span id=\"yasr-vv-text-container-d21d8f24ed691\" class=\"yasr-vv-text-container\">(Votos: <span id=\"yasr-vv-votes-number-container-d21d8f24ed691\">0<\/span>  Promedio: <span id=\"yasr-vv-average-container-d21d8f24ed691\">0<\/span>)<\/span><\/div><div id='yasr-vv-loader-d21d8f24ed691' class='yasr-vv-container-loader'><\/div><\/div><div id='yasr-vv-bottom-container-d21d8f24ed691'\r\n                              class='yasr-vv-bottom-container'\r\n                              style='display:none'><\/div><\/div><!--End Yasr Visitor Votes Shortcode--><\/div>","protected":false},"excerpt":{"rendered":"<p>Pol\u00edtica de Privacitat 1. Identitat de STK SERVEIS VIRTUALS. El present portal web pertany a SANDRA CASTANYER CABOT, amb nom comercial STK SERVEIS VIRTUALS (d&#8217;ara endavant ?STK SERVEIS VIRTUALS? ) , amb NIF n\u00famero 21663715S, amb domicili social a l&#8217;efecte de donar compliment a l&#8217;art. 10 de la Llei dels Serveis de la Societat de [&hellip;]<\/p>\n","protected":false},"author":1,"featured_media":0,"parent":0,"menu_order":0,"comment_status":"closed","ping_status":"open","template":"","meta":{"yasr_overall_rating":0,"yasr_post_is_review":"","yasr_auto_insert_disabled":"","yasr_review_type":"","footnotes":""},"categories":[],"class_list":["post-7610","page","type-page","status-publish","hentry"],"yoast_head":"<!-- This site is optimized with the Yoast SEO plugin v26.3 - https:\/\/yoast.com\/wordpress\/plugins\/seo\/ -->\n<title>Pol\u00edtica de privacitat | Professionals en Atenci\u00f3 Telef\u00f2nica<\/title>\n<meta name=\"description\" content=\"Pol\u00edtica de Privacitat 1. Identitat de STK SERVEIS VIRTUALS. El present portal web pertany a SANDRA CASTANYER CABOT, amb nom comercial STK SERVEIS\" \/>\n<meta name=\"robots\" content=\"index, follow, max-snippet:-1, max-image-preview:large, max-video-preview:-1\" \/>\n<link rel=\"canonical\" href=\"https:\/\/www.atenciondellamadas.net\/ca\/politica-de-privacitat\/\" \/>\n<meta property=\"og:locale\" content=\"ca_ES\" \/>\n<meta property=\"og:type\" content=\"article\" \/>\n<meta property=\"og:title\" content=\"Pol\u00edtica de privacitat | Professionals en Atenci\u00f3 Telef\u00f2nica\" \/>\n<meta property=\"og:description\" content=\"Pol\u00edtica de Privacitat 1. Identitat de STK SERVEIS VIRTUALS. El present portal web pertany a SANDRA CASTANYER CABOT, amb nom comercial STK SERVEIS\" \/>\n<meta property=\"og:url\" content=\"https:\/\/www.atenciondellamadas.net\/ca\/politica-de-privacitat\/\" \/>\n<meta property=\"og:site_name\" content=\"Professionals en Atenci\u00f3 Telef\u00f2nica\" \/>\n<meta property=\"article:publisher\" content=\"http:\/\/www.facebook.com\/stksoluciones\" \/>\n<meta property=\"article:modified_time\" content=\"2019-11-08T08:08:12+00:00\" \/>\n<meta name=\"twitter:card\" content=\"summary_large_image\" \/>\n<meta name=\"twitter:site\" content=\"@stksoluciones\" \/>\n<meta name=\"twitter:label1\" content=\"Temps estimat de lectura\" \/>\n\t<meta name=\"twitter:data1\" content=\"6 minuts\" \/>\n<script type=\"application\/ld+json\" class=\"yoast-schema-graph\">{\"@context\":\"https:\/\/schema.org\",\"@graph\":[{\"@type\":\"WebPage\",\"@id\":\"https:\/\/www.atenciondellamadas.net\/ca\/politica-de-privacitat\/\",\"url\":\"https:\/\/www.atenciondellamadas.net\/ca\/politica-de-privacitat\/\",\"name\":\"Pol\u00edtica de privacitat | Professionals en Atenci\u00f3 Telef\u00f2nica\",\"isPartOf\":{\"@id\":\"https:\/\/www.atenciondellamadas.net\/#website\"},\"datePublished\":\"2019-11-06T12:41:18+00:00\",\"dateModified\":\"2019-11-08T08:08:12+00:00\",\"description\":\"Pol\u00edtica de Privacitat 1. Identitat de STK SERVEIS VIRTUALS. El present portal web pertany a SANDRA CASTANYER CABOT, amb nom comercial STK SERVEIS\",\"breadcrumb\":{\"@id\":\"https:\/\/www.atenciondellamadas.net\/ca\/politica-de-privacitat\/#breadcrumb\"},\"inLanguage\":\"ca\",\"potentialAction\":[{\"@type\":\"ReadAction\",\"target\":[\"https:\/\/www.atenciondellamadas.net\/ca\/politica-de-privacitat\/\"]}]},{\"@type\":\"BreadcrumbList\",\"@id\":\"https:\/\/www.atenciondellamadas.net\/ca\/politica-de-privacitat\/#breadcrumb\",\"itemListElement\":[{\"@type\":\"ListItem\",\"position\":1,\"name\":\"Inicio\",\"item\":\"https:\/\/www.atenciondellamadas.net\/\"},{\"@type\":\"ListItem\",\"position\":2,\"name\":\"Pol\u00edtica de privacitat\"}]},{\"@type\":\"WebSite\",\"@id\":\"https:\/\/www.atenciondellamadas.net\/#website\",\"url\":\"https:\/\/www.atenciondellamadas.net\/\",\"name\":\"Professionals en Atenci\u00f3 Telef\u00f2nica\",\"description\":\"Una trucada telef\u00f2nica pot determinar la primera imatge de la teva empresa.\",\"publisher\":{\"@id\":\"https:\/\/www.atenciondellamadas.net\/#organization\"},\"potentialAction\":[{\"@type\":\"SearchAction\",\"target\":{\"@type\":\"EntryPoint\",\"urlTemplate\":\"https:\/\/www.atenciondellamadas.net\/?s={search_term_string}\"},\"query-input\":{\"@type\":\"PropertyValueSpecification\",\"valueRequired\":true,\"valueName\":\"search_term_string\"}}],\"inLanguage\":\"ca\"},{\"@type\":\"Organization\",\"@id\":\"https:\/\/www.atenciondellamadas.net\/#organization\",\"name\":\"STK Servicios Virtuales\",\"url\":\"https:\/\/www.atenciondellamadas.net\/\",\"logo\":{\"@type\":\"ImageObject\",\"inLanguage\":\"ca\",\"@id\":\"https:\/\/www.atenciondellamadas.net\/#\/schema\/logo\/image\/\",\"url\":\"https:\/\/www.atenciondellamadas.net\/wp-content\/uploads\/2019\/10\/logo.svg\",\"contentUrl\":\"https:\/\/www.atenciondellamadas.net\/wp-content\/uploads\/2019\/10\/logo.svg\",\"width\":274,\"height\":67,\"caption\":\"STK Servicios Virtuales\"},\"image\":{\"@id\":\"https:\/\/www.atenciondellamadas.net\/#\/schema\/logo\/image\/\"},\"sameAs\":[\"http:\/\/www.facebook.com\/stksoluciones\",\"https:\/\/x.com\/stksoluciones\"]},false]}<\/script>\n<!-- \/ Yoast SEO plugin. -->","yoast_head_json":{"title":"Pol\u00edtica de privacitat | Professionals en Atenci\u00f3 Telef\u00f2nica","description":"Pol\u00edtica de Privacitat 1. Identitat de STK SERVEIS VIRTUALS. El present portal web pertany a SANDRA CASTANYER CABOT, amb nom comercial STK SERVEIS","robots":{"index":"index","follow":"follow","max-snippet":"max-snippet:-1","max-image-preview":"max-image-preview:large","max-video-preview":"max-video-preview:-1"},"canonical":"https:\/\/www.atenciondellamadas.net\/ca\/politica-de-privacitat\/","og_locale":"ca_ES","og_type":"article","og_title":"Pol\u00edtica de privacitat | Professionals en Atenci\u00f3 Telef\u00f2nica","og_description":"Pol\u00edtica de Privacitat 1. Identitat de STK SERVEIS VIRTUALS. El present portal web pertany a SANDRA CASTANYER CABOT, amb nom comercial STK SERVEIS","og_url":"https:\/\/www.atenciondellamadas.net\/ca\/politica-de-privacitat\/","og_site_name":"Professionals en Atenci\u00f3 Telef\u00f2nica","article_publisher":"http:\/\/www.facebook.com\/stksoluciones","article_modified_time":"2019-11-08T08:08:12+00:00","twitter_card":"summary_large_image","twitter_site":"@stksoluciones","twitter_misc":{"Temps estimat de lectura":"6 minuts"},"schema":{"@context":"https:\/\/schema.org","@graph":[{"@type":"WebPage","@id":"https:\/\/www.atenciondellamadas.net\/ca\/politica-de-privacitat\/","url":"https:\/\/www.atenciondellamadas.net\/ca\/politica-de-privacitat\/","name":"Pol\u00edtica de privacitat | Professionals en Atenci\u00f3 Telef\u00f2nica","isPartOf":{"@id":"https:\/\/www.atenciondellamadas.net\/#website"},"datePublished":"2019-11-06T12:41:18+00:00","dateModified":"2019-11-08T08:08:12+00:00","description":"Pol\u00edtica de Privacitat 1. Identitat de STK SERVEIS VIRTUALS. El present portal web pertany a SANDRA CASTANYER CABOT, amb nom comercial STK SERVEIS","breadcrumb":{"@id":"https:\/\/www.atenciondellamadas.net\/ca\/politica-de-privacitat\/#breadcrumb"},"inLanguage":"ca","potentialAction":[{"@type":"ReadAction","target":["https:\/\/www.atenciondellamadas.net\/ca\/politica-de-privacitat\/"]}]},{"@type":"BreadcrumbList","@id":"https:\/\/www.atenciondellamadas.net\/ca\/politica-de-privacitat\/#breadcrumb","itemListElement":[{"@type":"ListItem","position":1,"name":"Inicio","item":"https:\/\/www.atenciondellamadas.net\/"},{"@type":"ListItem","position":2,"name":"Pol\u00edtica de privacitat"}]},{"@type":"WebSite","@id":"https:\/\/www.atenciondellamadas.net\/#website","url":"https:\/\/www.atenciondellamadas.net\/","name":"Professionals en Atenci\u00f3 Telef\u00f2nica","description":"Una trucada telef\u00f2nica pot determinar la primera imatge de la teva empresa.","publisher":{"@id":"https:\/\/www.atenciondellamadas.net\/#organization"},"potentialAction":[{"@type":"SearchAction","target":{"@type":"EntryPoint","urlTemplate":"https:\/\/www.atenciondellamadas.net\/?s={search_term_string}"},"query-input":{"@type":"PropertyValueSpecification","valueRequired":true,"valueName":"search_term_string"}}],"inLanguage":"ca"},{"@type":"Organization","@id":"https:\/\/www.atenciondellamadas.net\/#organization","name":"STK Servicios Virtuales","url":"https:\/\/www.atenciondellamadas.net\/","logo":{"@type":"ImageObject","inLanguage":"ca","@id":"https:\/\/www.atenciondellamadas.net\/#\/schema\/logo\/image\/","url":"https:\/\/www.atenciondellamadas.net\/wp-content\/uploads\/2019\/10\/logo.svg","contentUrl":"https:\/\/www.atenciondellamadas.net\/wp-content\/uploads\/2019\/10\/logo.svg","width":274,"height":67,"caption":"STK Servicios Virtuales"},"image":{"@id":"https:\/\/www.atenciondellamadas.net\/#\/schema\/logo\/image\/"},"sameAs":["http:\/\/www.facebook.com\/stksoluciones","https:\/\/x.com\/stksoluciones"]},false]}},"yasr_visitor_votes":{"stars_attributes":{"read_only":false,"span_bottom":false},"number_of_votes":0,"sum_votes":0},"_links":{"self":[{"href":"https:\/\/www.atenciondellamadas.net\/ca\/wp-json\/wp\/v2\/pages\/7610","targetHints":{"allow":["GET"]}}],"collection":[{"href":"https:\/\/www.atenciondellamadas.net\/ca\/wp-json\/wp\/v2\/pages"}],"about":[{"href":"https:\/\/www.atenciondellamadas.net\/ca\/wp-json\/wp\/v2\/types\/page"}],"author":[{"embeddable":true,"href":"https:\/\/www.atenciondellamadas.net\/ca\/wp-json\/wp\/v2\/users\/1"}],"replies":[{"embeddable":true,"href":"https:\/\/www.atenciondellamadas.net\/ca\/wp-json\/wp\/v2\/comments?post=7610"}],"version-history":[{"count":6,"href":"https:\/\/www.atenciondellamadas.net\/ca\/wp-json\/wp\/v2\/pages\/7610\/revisions"}],"predecessor-version":[{"id":7769,"href":"https:\/\/www.atenciondellamadas.net\/ca\/wp-json\/wp\/v2\/pages\/7610\/revisions\/7769"}],"wp:attachment":[{"href":"https:\/\/www.atenciondellamadas.net\/ca\/wp-json\/wp\/v2\/media?parent=7610"}],"wp:term":[{"taxonomy":"category","embeddable":true,"href":"https:\/\/www.atenciondellamadas.net\/ca\/wp-json\/wp\/v2\/categories?post=7610"}],"curies":[{"name":"wp","href":"https:\/\/api.w.org\/{rel}","templated":true}]}}