{"id":7589,"date":"2019-11-06T13:05:28","date_gmt":"2019-11-06T12:05:28","guid":{"rendered":"https:\/\/stk2019.acceseo.com.es\/contacte\/"},"modified":"2025-05-19T11:38:24","modified_gmt":"2025-05-19T09:38:24","slug":"contacte","status":"publish","type":"page","link":"https:\/\/www.atenciondellamadas.net\/ca\/contacte\/","title":{"rendered":"Contacte"},"content":{"rendered":"\t\t<div data-elementor-type=\"wp-page\" data-elementor-id=\"7589\" class=\"elementor elementor-7589 elementor-245\" data-elementor-post-type=\"page\">\n\t\t\t\t\t\t<section class=\"elementor-section elementor-top-section elementor-element elementor-element-98f45b4 contacto--seccion elementor-section-boxed elementor-section-height-default elementor-section-height-default\" data-id=\"98f45b4\" data-element_type=\"section\">\n\t\t\t\t\t\t<div class=\"elementor-container elementor-column-gap-default\">\n\t\t\t\t\t<div class=\"elementor-column elementor-col-50 elementor-top-column elementor-element elementor-element-078a26f\" data-id=\"078a26f\" data-element_type=\"column\">\n\t\t\t<div class=\"elementor-widget-wrap elementor-element-populated\">\n\t\t\t\t\t\t<div class=\"elementor-element elementor-element-75d90fa elementor-widget elementor-widget-heading\" data-id=\"75d90fa\" data-element_type=\"widget\" data-widget_type=\"heading.default\">\n\t\t\t\t<div class=\"elementor-widget-container\">\n\t\t\t\t\t<h2 class=\"elementor-heading-title elementor-size-default\">Contacte<\/h2>\t\t\t\t<\/div>\n\t\t\t\t<\/div>\n\t\t\t\t<div class=\"elementor-element elementor-element-aa48be8 elementor-widget elementor-widget-text-editor\" data-id=\"aa48be8\" data-element_type=\"widget\" data-widget_type=\"text-editor.default\">\n\t\t\t\t<div class=\"elementor-widget-container\">\n\t\t\t\t\t\t\t\t\t<p>Si desitges realitzar alguna consulta, informaci\u00f3 addicional sobre els nostres serveis o configurar un pressupost a mesura, pots contactar amb nosaltres a trav\u00e9s del tel\u00e8fon <span class=\"contacto-seccion--resaltado\">931 860 171<\/span> o emplenar el nostre formulari i et respondrem al m\u00e9s aviat possible i sense cap tipus de comprom\u00eds.<\/p>\n\t\t\t\t\t\t\t\t<\/div>\n\t\t\t\t<\/div>\n\t\t\t\t\t<\/div>\n\t\t<\/div>\n\t\t\t\t<div class=\"elementor-column elementor-col-50 elementor-top-column elementor-element elementor-element-39281ff\" data-id=\"39281ff\" data-element_type=\"column\">\n\t\t\t<div class=\"elementor-widget-wrap elementor-element-populated\">\n\t\t\t\t\t\t<div class=\"elementor-element elementor-element-a35ded6 elementor-widget elementor-widget-text-editor\" data-id=\"a35ded6\" data-element_type=\"widget\" data-widget_type=\"text-editor.default\">\n\t\t\t\t<div class=\"elementor-widget-container\">\n\t\t\t\t\t\t\t\t\t\n<div class=\"wpcf7 no-js\" id=\"wpcf7-f7540-o1\" lang=\"es-ES\" dir=\"ltr\" data-wpcf7-id=\"7540\">\n<div class=\"screen-reader-response\"><p role=\"status\" aria-live=\"polite\" aria-atomic=\"true\"><\/p> <ul><\/ul><\/div>\n<form action=\"\/ca\/wp-json\/wp\/v2\/pages\/7589#wpcf7-f7540-o1\" method=\"post\" class=\"wpcf7-form init\" aria-label=\"Formulario de contacto\" novalidate=\"novalidate\" data-status=\"init\">\n<fieldset class=\"hidden-fields-container\"><input type=\"hidden\" name=\"_wpcf7\" value=\"7540\" \/><input type=\"hidden\" name=\"_wpcf7_version\" value=\"6.1.3\" \/><input type=\"hidden\" name=\"_wpcf7_locale\" value=\"es_ES\" \/><input type=\"hidden\" name=\"_wpcf7_unit_tag\" value=\"wpcf7-f7540-o1\" \/><input type=\"hidden\" name=\"_wpcf7_container_post\" value=\"0\" \/><input type=\"hidden\" name=\"_wpcf7_posted_data_hash\" value=\"\" \/><input type=\"hidden\" name=\"_wpcf7_recaptcha_response\" value=\"\" \/>\n<\/fieldset>\n<div class=\"row\">\n  <div class=\"column first\">\n      <label class=\"contacto-seccion--label\">Nom*<\/label>\n      <span class=\"wpcf7-form-control-wrap\" data-name=\"your-name\"><input size=\"40\" maxlength=\"400\" class=\"wpcf7-form-control wpcf7-text wpcf7-validates-as-required\" aria-required=\"true\" aria-invalid=\"false\" value=\"\" type=\"text\" name=\"your-name\" \/><\/span>\n  <\/div>\n  <div class=\"column second\">\n      <label class=\"contacto-seccion--label\">Email*<\/label>\n      <span class=\"wpcf7-form-control-wrap\" data-name=\"your-email\"><input size=\"40\" maxlength=\"400\" class=\"wpcf7-form-control wpcf7-email wpcf7-validates-as-required wpcf7-text wpcf7-validates-as-email\" aria-required=\"true\" aria-invalid=\"false\" value=\"\" type=\"email\" name=\"your-email\" \/><\/span>\n  <\/div>\n<\/div>\n<div class=\"row\">\n  <div class=\"column first\">\n      <label class=\"contacto-seccion--label\">Tel\u00e8fon*<\/label>\n      <span class=\"wpcf7-form-control-wrap\" data-name=\"mobilephone\"><input size=\"40\" maxlength=\"400\" class=\"wpcf7-form-control wpcf7-tel wpcf7-validates-as-required wpcf7-text wpcf7-validates-as-tel\" aria-required=\"true\" aria-invalid=\"false\" value=\"\" type=\"tel\" name=\"mobilephone\" \/><\/span>\n  <\/div>\n<\/div>\n\n<label>Missatge*<\/label>\n<span class=\"wpcf7-form-control-wrap\" data-name=\"message\"><textarea cols=\"40\" rows=\"10\" maxlength=\"2000\" class=\"wpcf7-form-control wpcf7-textarea wpcf7-validates-as-required\" aria-required=\"true\" aria-invalid=\"false\" name=\"message\"><\/textarea><\/span>\n\n<div class=\"contacto-seccion-div-izq\">\n   <span><span class=\"wpcf7-form-control-wrap\" data-name=\"acceptance-991\"><span class=\"wpcf7-form-control wpcf7-acceptance\"><span class=\"wpcf7-list-item\"><input type=\"checkbox\" name=\"acceptance-991\" value=\"1\" aria-invalid=\"false\" \/><\/span><\/span><\/span><\/span> <span class=\"contacto-seccion-acceptance\">He llegit i accepte la <a href=\"\/ca\/politica-de-privacitat\" rel=\"nofollow,noindex\" title=\"Llegir i acceptar la pol\u00edtica de privacitat\">Pol\u00edtica de Privacitat<\/a><\/span>\n<\/div>\n<div class=\"contacto-seccion-div-der\">\n<input class=\"wpcf7-form-control wpcf7-submit has-spinner contacto-seccion-submit\" type=\"submit\" value=\"Enviar\" \/>\n<\/div><div class=\"wpcf7-response-output\" aria-hidden=\"true\"><\/div>\n<\/form>\n<\/div>\n\n\t\t\t\t\t\t\t\t<\/div>\n\t\t\t\t<\/div>\n\t\t\t\t\t<\/div>\n\t\t<\/div>\n\t\t\t\t\t<\/div>\n\t\t<\/section>\n\t\t\t\t<\/div>\n\t\t<div style='text-align:center' class='yasr-auto-insert-visitor'><!--Yasr Visitor Votes Shortcode--><div id='yasr_visitor_votes_00b61e7950239' class='yasr-visitor-votes'><div class=\"yasr-custom-text-vv-before yasr-custom-text-vv-before-7589\">\u00a1Haz clic para puntuar esta entrada!<\/div><div id='yasr-vv-second-row-container-00b61e7950239'\r\n                                        class='yasr-vv-second-row-container'><div id='yasr-visitor-votes-rater-00b61e7950239'\r\n                                      class='yasr-rater-stars-vv'\r\n                                      data-rater-postid='7589'\r\n                                      data-rating='0'\r\n                                      data-rater-starsize='24'\r\n                                      data-rater-readonly='false'\r\n                                      data-rater-nonce='db6ba2b882'\r\n                                      data-issingular='false'\r\n                                    ><\/div><div class=\"yasr-vv-stats-text-container\" id=\"yasr-vv-stats-text-container-00b61e7950239\"><svg xmlns=\"https:\/\/www.w3.org\/2000\/svg\" width=\"20\" height=\"20\"\r\n                                   class=\"yasr-dashicons-visitor-stats\"\r\n                                   data-postid=\"7589\"\r\n                                   id=\"yasr-stats-dashicon-00b61e7950239\">\r\n                                   <path d=\"M18 18v-16h-4v16h4zM12 18v-11h-4v11h4zM6 18v-8h-4v8h4z\"><\/path>\r\n                               <\/svg><span id=\"yasr-vv-text-container-00b61e7950239\" class=\"yasr-vv-text-container\">(Votos: <span id=\"yasr-vv-votes-number-container-00b61e7950239\">0<\/span>  Promedio: <span id=\"yasr-vv-average-container-00b61e7950239\">0<\/span>)<\/span><\/div><div id='yasr-vv-loader-00b61e7950239' class='yasr-vv-container-loader'><\/div><\/div><div id='yasr-vv-bottom-container-00b61e7950239'\r\n                              class='yasr-vv-bottom-container'\r\n                              style='display:none'><\/div><\/div><!--End Yasr Visitor Votes Shortcode--><\/div>","protected":false},"excerpt":{"rendered":"<p>Contacte Si desitges realitzar alguna consulta, informaci\u00f3 addicional sobre els nostres serveis o configurar un pressupost a mesura, pots contactar amb nosaltres a trav\u00e9s del tel\u00e8fon 931 860 171 o emplenar el nostre formulari i et respondrem al m\u00e9s aviat possible i sense cap tipus de comprom\u00eds. \u00a1Haz clic para puntuar esta entrada! (Votos: 0 [&hellip;]<\/p>\n","protected":false},"author":1,"featured_media":0,"parent":0,"menu_order":0,"comment_status":"closed","ping_status":"closed","template":"","meta":{"yasr_overall_rating":0,"yasr_post_is_review":"","yasr_auto_insert_disabled":"","yasr_review_type":"","footnotes":""},"class_list":["post-7589","page","type-page","status-publish","hentry"],"yoast_head":"<!-- This site is optimized with the Yoast SEO plugin v26.3 - https:\/\/yoast.com\/wordpress\/plugins\/seo\/ -->\n<title>Contacte - STK Servicios Virtuales<\/title>\n<meta name=\"description\" content=\"Contacti amb STK i comprovi que amb una m\u00ednima inversi\u00f3 seu negoci pot millorar el servei d&#039;atenci\u00f3 telef\u00f2nica que presta als seus clients\" \/>\n<meta name=\"robots\" content=\"index, follow, max-snippet:-1, max-image-preview:large, max-video-preview:-1\" \/>\n<link rel=\"canonical\" href=\"https:\/\/www.atenciondellamadas.net\/ca\/contacte\/\" \/>\n<meta property=\"og:locale\" content=\"ca_ES\" \/>\n<meta property=\"og:type\" content=\"article\" \/>\n<meta property=\"og:title\" content=\"Contacte - STK Servicios Virtuales\" \/>\n<meta property=\"og:description\" content=\"Contacti amb STK i comprovi que amb una m\u00ednima inversi\u00f3 seu negoci pot millorar el servei d&#039;atenci\u00f3 telef\u00f2nica que presta als seus clients\" \/>\n<meta property=\"og:url\" content=\"https:\/\/www.atenciondellamadas.net\/ca\/contacte\/\" \/>\n<meta property=\"og:site_name\" content=\"Professionals en Atenci\u00f3 Telef\u00f2nica\" \/>\n<meta property=\"article:publisher\" content=\"http:\/\/www.facebook.com\/stksoluciones\" \/>\n<meta property=\"article:modified_time\" content=\"2025-05-19T09:38:24+00:00\" \/>\n<meta name=\"twitter:card\" content=\"summary_large_image\" \/>\n<meta name=\"twitter:site\" content=\"@stksoluciones\" \/>\n<script type=\"application\/ld+json\" class=\"yoast-schema-graph\">{\"@context\":\"https:\/\/schema.org\",\"@graph\":[{\"@type\":\"WebPage\",\"@id\":\"https:\/\/www.atenciondellamadas.net\/ca\/contacte\/\",\"url\":\"https:\/\/www.atenciondellamadas.net\/ca\/contacte\/\",\"name\":\"Contacte - STK Servicios Virtuales\",\"isPartOf\":{\"@id\":\"https:\/\/www.atenciondellamadas.net\/#website\"},\"datePublished\":\"2019-11-06T12:05:28+00:00\",\"dateModified\":\"2025-05-19T09:38:24+00:00\",\"description\":\"Contacti amb STK i comprovi que amb una m\u00ednima inversi\u00f3 seu negoci pot millorar el servei d'atenci\u00f3 telef\u00f2nica que presta als seus clients\",\"breadcrumb\":{\"@id\":\"https:\/\/www.atenciondellamadas.net\/ca\/contacte\/#breadcrumb\"},\"inLanguage\":\"ca\",\"potentialAction\":[{\"@type\":\"ReadAction\",\"target\":[\"https:\/\/www.atenciondellamadas.net\/ca\/contacte\/\"]}]},{\"@type\":\"BreadcrumbList\",\"@id\":\"https:\/\/www.atenciondellamadas.net\/ca\/contacte\/#breadcrumb\",\"itemListElement\":[{\"@type\":\"ListItem\",\"position\":1,\"name\":\"Inicio\",\"item\":\"https:\/\/www.atenciondellamadas.net\/\"},{\"@type\":\"ListItem\",\"position\":2,\"name\":\"Contacte\"}]},{\"@type\":\"WebSite\",\"@id\":\"https:\/\/www.atenciondellamadas.net\/#website\",\"url\":\"https:\/\/www.atenciondellamadas.net\/\",\"name\":\"Professionals en Atenci\u00f3 Telef\u00f2nica\",\"description\":\"Una trucada telef\u00f2nica pot determinar la primera imatge de la teva empresa.\",\"publisher\":{\"@id\":\"https:\/\/www.atenciondellamadas.net\/#organization\"},\"potentialAction\":[{\"@type\":\"SearchAction\",\"target\":{\"@type\":\"EntryPoint\",\"urlTemplate\":\"https:\/\/www.atenciondellamadas.net\/?s={search_term_string}\"},\"query-input\":{\"@type\":\"PropertyValueSpecification\",\"valueRequired\":true,\"valueName\":\"search_term_string\"}}],\"inLanguage\":\"ca\"},{\"@type\":\"Organization\",\"@id\":\"https:\/\/www.atenciondellamadas.net\/#organization\",\"name\":\"STK Servicios Virtuales\",\"url\":\"https:\/\/www.atenciondellamadas.net\/\",\"logo\":{\"@type\":\"ImageObject\",\"inLanguage\":\"ca\",\"@id\":\"https:\/\/www.atenciondellamadas.net\/#\/schema\/logo\/image\/\",\"url\":\"https:\/\/www.atenciondellamadas.net\/wp-content\/uploads\/2019\/10\/logo.svg\",\"contentUrl\":\"https:\/\/www.atenciondellamadas.net\/wp-content\/uploads\/2019\/10\/logo.svg\",\"width\":274,\"height\":67,\"caption\":\"STK Servicios Virtuales\"},\"image\":{\"@id\":\"https:\/\/www.atenciondellamadas.net\/#\/schema\/logo\/image\/\"},\"sameAs\":[\"http:\/\/www.facebook.com\/stksoluciones\",\"https:\/\/x.com\/stksoluciones\"]},false]}<\/script>\n<!-- \/ Yoast SEO plugin. -->","yoast_head_json":{"title":"Contacte - STK Servicios Virtuales","description":"Contacti amb STK i comprovi que amb una m\u00ednima inversi\u00f3 seu negoci pot millorar el servei d'atenci\u00f3 telef\u00f2nica que presta als seus clients","robots":{"index":"index","follow":"follow","max-snippet":"max-snippet:-1","max-image-preview":"max-image-preview:large","max-video-preview":"max-video-preview:-1"},"canonical":"https:\/\/www.atenciondellamadas.net\/ca\/contacte\/","og_locale":"ca_ES","og_type":"article","og_title":"Contacte - STK Servicios Virtuales","og_description":"Contacti amb STK i comprovi que amb una m\u00ednima inversi\u00f3 seu negoci pot millorar el servei d'atenci\u00f3 telef\u00f2nica que presta als seus clients","og_url":"https:\/\/www.atenciondellamadas.net\/ca\/contacte\/","og_site_name":"Professionals en Atenci\u00f3 Telef\u00f2nica","article_publisher":"http:\/\/www.facebook.com\/stksoluciones","article_modified_time":"2025-05-19T09:38:24+00:00","twitter_card":"summary_large_image","twitter_site":"@stksoluciones","schema":{"@context":"https:\/\/schema.org","@graph":[{"@type":"WebPage","@id":"https:\/\/www.atenciondellamadas.net\/ca\/contacte\/","url":"https:\/\/www.atenciondellamadas.net\/ca\/contacte\/","name":"Contacte - STK Servicios Virtuales","isPartOf":{"@id":"https:\/\/www.atenciondellamadas.net\/#website"},"datePublished":"2019-11-06T12:05:28+00:00","dateModified":"2025-05-19T09:38:24+00:00","description":"Contacti amb STK i comprovi que amb una m\u00ednima inversi\u00f3 seu negoci pot millorar el servei d'atenci\u00f3 telef\u00f2nica que presta als seus clients","breadcrumb":{"@id":"https:\/\/www.atenciondellamadas.net\/ca\/contacte\/#breadcrumb"},"inLanguage":"ca","potentialAction":[{"@type":"ReadAction","target":["https:\/\/www.atenciondellamadas.net\/ca\/contacte\/"]}]},{"@type":"BreadcrumbList","@id":"https:\/\/www.atenciondellamadas.net\/ca\/contacte\/#breadcrumb","itemListElement":[{"@type":"ListItem","position":1,"name":"Inicio","item":"https:\/\/www.atenciondellamadas.net\/"},{"@type":"ListItem","position":2,"name":"Contacte"}]},{"@type":"WebSite","@id":"https:\/\/www.atenciondellamadas.net\/#website","url":"https:\/\/www.atenciondellamadas.net\/","name":"Professionals en Atenci\u00f3 Telef\u00f2nica","description":"Una trucada telef\u00f2nica pot determinar la primera imatge de la teva empresa.","publisher":{"@id":"https:\/\/www.atenciondellamadas.net\/#organization"},"potentialAction":[{"@type":"SearchAction","target":{"@type":"EntryPoint","urlTemplate":"https:\/\/www.atenciondellamadas.net\/?s={search_term_string}"},"query-input":{"@type":"PropertyValueSpecification","valueRequired":true,"valueName":"search_term_string"}}],"inLanguage":"ca"},{"@type":"Organization","@id":"https:\/\/www.atenciondellamadas.net\/#organization","name":"STK Servicios Virtuales","url":"https:\/\/www.atenciondellamadas.net\/","logo":{"@type":"ImageObject","inLanguage":"ca","@id":"https:\/\/www.atenciondellamadas.net\/#\/schema\/logo\/image\/","url":"https:\/\/www.atenciondellamadas.net\/wp-content\/uploads\/2019\/10\/logo.svg","contentUrl":"https:\/\/www.atenciondellamadas.net\/wp-content\/uploads\/2019\/10\/logo.svg","width":274,"height":67,"caption":"STK Servicios Virtuales"},"image":{"@id":"https:\/\/www.atenciondellamadas.net\/#\/schema\/logo\/image\/"},"sameAs":["http:\/\/www.facebook.com\/stksoluciones","https:\/\/x.com\/stksoluciones"]},false]}},"yasr_visitor_votes":{"stars_attributes":{"read_only":false,"span_bottom":false},"number_of_votes":0,"sum_votes":0},"_links":{"self":[{"href":"https:\/\/www.atenciondellamadas.net\/ca\/wp-json\/wp\/v2\/pages\/7589","targetHints":{"allow":["GET"]}}],"collection":[{"href":"https:\/\/www.atenciondellamadas.net\/ca\/wp-json\/wp\/v2\/pages"}],"about":[{"href":"https:\/\/www.atenciondellamadas.net\/ca\/wp-json\/wp\/v2\/types\/page"}],"author":[{"embeddable":true,"href":"https:\/\/www.atenciondellamadas.net\/ca\/wp-json\/wp\/v2\/users\/1"}],"replies":[{"embeddable":true,"href":"https:\/\/www.atenciondellamadas.net\/ca\/wp-json\/wp\/v2\/comments?post=7589"}],"version-history":[{"count":6,"href":"https:\/\/www.atenciondellamadas.net\/ca\/wp-json\/wp\/v2\/pages\/7589\/revisions"}],"predecessor-version":[{"id":10845,"href":"https:\/\/www.atenciondellamadas.net\/ca\/wp-json\/wp\/v2\/pages\/7589\/revisions\/10845"}],"wp:attachment":[{"href":"https:\/\/www.atenciondellamadas.net\/ca\/wp-json\/wp\/v2\/media?parent=7589"}],"curies":[{"name":"wp","href":"https:\/\/api.w.org\/{rel}","templated":true}]}}